{"id":12,"date":"2021-03-04T20:02:54","date_gmt":"2021-03-04T20:02:54","guid":{"rendered":"http:\/\/vyladto.cz\/?page_id=12"},"modified":"2023-12-25T19:11:42","modified_gmt":"2023-12-25T19:11:42","slug":"o-nas","status":"publish","type":"page","link":"https:\/\/nutricnipodpora.cz\/?page_id=12","title":{"rendered":"O n\u00e1s"},"content":{"rendered":"\t\t<div data-elementor-type=\"wp-page\" data-elementor-id=\"12\" class=\"elementor elementor-12\">\n\t\t\t\t\t\t<section class=\"elementor-section elementor-top-section elementor-element elementor-element-9df367f elementor-section-boxed elementor-section-height-default elementor-section-height-default\" data-id=\"9df367f\" data-element_type=\"section\">\n\t\t\t\t\t\t<div class=\"elementor-container elementor-column-gap-default\">\n\t\t\t\t\t<div class=\"elementor-column elementor-col-100 elementor-top-column elementor-element elementor-element-cb497f2\" data-id=\"cb497f2\" data-element_type=\"column\">\n\t\t\t<div class=\"elementor-widget-wrap elementor-element-populated\">\n\t\t\t\t\t\t<div class=\"elementor-element elementor-element-a0cc1fb elementor-widget elementor-widget-heading\" data-id=\"a0cc1fb\" data-element_type=\"widget\" data-widget_type=\"heading.default\">\n\t\t\t\t<div class=\"elementor-widget-container\">\n\t\t\t<h2 class=\"elementor-heading-title elementor-size-default\">Heading Text Here.<\/h2>\t\t<\/div>\n\t\t\t\t<\/div>\n\t\t\t\t\t<\/div>\n\t\t<\/div>\n\t\t\t\t\t<\/div>\n\t\t<\/section>\n\t\t\t\t<section class=\"elementor-section elementor-top-section elementor-element elementor-element-34af4be elementor-section-boxed elementor-section-height-default elementor-section-height-default\" data-id=\"34af4be\" data-element_type=\"section\">\n\t\t\t\t\t\t<div class=\"elementor-container elementor-column-gap-default\">\n\t\t\t\t\t<div class=\"elementor-column elementor-col-100 elementor-top-column elementor-element elementor-element-e94d936\" data-id=\"e94d936\" data-element_type=\"column\">\n\t\t\t<div class=\"elementor-widget-wrap elementor-element-populated\">\n\t\t\t\t\t\t<div class=\"elementor-element elementor-element-2a3ddec elementor-invisible elementor-widget elementor-widget-heading\" data-id=\"2a3ddec\" data-element_type=\"widget\" data-settings=\"{&quot;_animation&quot;:&quot;fadeInUp&quot;}\" data-widget_type=\"heading.default\">\n\t\t\t\t<div class=\"elementor-widget-container\">\n\t\t\t<h2 class=\"elementor-heading-title elementor-size-default\">NAB\u00cdDKA<\/h2>\t\t<\/div>\n\t\t\t\t<\/div>\n\t\t\t\t\t<\/div>\n\t\t<\/div>\n\t\t\t\t\t<\/div>\n\t\t<\/section>\n\t\t\t\t<section class=\"elementor-section elementor-top-section elementor-element elementor-element-7c7d28f elementor-section-boxed elementor-section-height-default elementor-section-height-default\" data-id=\"7c7d28f\" data-element_type=\"section\">\n\t\t\t\t\t\t<div class=\"elementor-container elementor-column-gap-default\">\n\t\t\t\t\t<div class=\"elementor-column elementor-col-33 elementor-top-column elementor-element elementor-element-3f5b048\" data-id=\"3f5b048\" data-element_type=\"column\">\n\t\t\t<div class=\"elementor-widget-wrap elementor-element-populated\">\n\t\t\t\t\t\t<div class=\"elementor-element elementor-element-84aa615 elementor-view-framed elementor-shape-circle elementor-position-top elementor-mobile-position-top elementor-invisible elementor-widget elementor-widget-icon-box\" data-id=\"84aa615\" data-element_type=\"widget\" data-settings=\"{&quot;_animation&quot;:&quot;fadeInUp&quot;}\" data-widget_type=\"icon-box.default\">\n\t\t\t\t<div class=\"elementor-widget-container\">\n\t\t\t\t\t<div class=\"elementor-icon-box-wrapper\">\n\t\t\t\t\t\t<div class=\"elementor-icon-box-icon\">\n\t\t\t\t<a href=\"http:\/\/vyladto.cz\/konzultace\/\" class=\"elementor-icon elementor-animation-pulse-shrink\" tabindex=\"-1\">\n\t\t\t\t<i aria-hidden=\"true\" class=\"far fa-comments\"><\/i>\t\t\t\t<\/a>\n\t\t\t<\/div>\n\t\t\t\t\t\t<div class=\"elementor-icon-box-content\">\n\t\t\t\t<h4 class=\"elementor-icon-box-title\">\n\t\t\t\t\t<a href=\"http:\/\/vyladto.cz\/konzultace\/\" >\n\t\t\t\t\t\tKonzultace\t\t\t\t\t<\/a>\n\t\t\t\t<\/h4>\n\t\t\t\t\t\t\t\t\t<p class=\"elementor-icon-box-description\">\n\t\t\t\t\t\tIndividu\u00e1ln\u00ed konzultace o va\u0161em stravov\u00e1n\u00ed s tvorbou j\u00eddeln\u00ed\u010dku bez extr\u00e9m\u016f \t\t\t\t\t<\/p>\n\t\t\t\t\t\t\t<\/div>\n\t\t<\/div>\n\t\t\t\t<\/div>\n\t\t\t\t<\/div>\n\t\t\t\t\t<\/div>\n\t\t<\/div>\n\t\t\t\t<div class=\"elementor-column elementor-col-33 elementor-top-column elementor-element elementor-element-a13d07c\" data-id=\"a13d07c\" data-element_type=\"column\">\n\t\t\t<div class=\"elementor-widget-wrap elementor-element-populated\">\n\t\t\t\t\t\t<div class=\"elementor-element elementor-element-eb2e076 elementor-view-framed elementor-shape-circle elementor-position-top elementor-mobile-position-top elementor-invisible elementor-widget elementor-widget-icon-box\" data-id=\"eb2e076\" data-element_type=\"widget\" data-settings=\"{&quot;_animation&quot;:&quot;fadeInUp&quot;}\" data-widget_type=\"icon-box.default\">\n\t\t\t\t<div class=\"elementor-widget-container\">\n\t\t\t\t\t<div class=\"elementor-icon-box-wrapper\">\n\t\t\t\t\t\t<div class=\"elementor-icon-box-icon\">\n\t\t\t\t<a href=\"http:\/\/vyladto.cz\/externi-nutricni-terapeut\/\" class=\"elementor-icon elementor-animation-pulse-shrink\" tabindex=\"-1\">\n\t\t\t\t<i aria-hidden=\"true\" class=\"fab fa-nutritionix\"><\/i>\t\t\t\t<\/a>\n\t\t\t<\/div>\n\t\t\t\t\t\t<div class=\"elementor-icon-box-content\">\n\t\t\t\t<h4 class=\"elementor-icon-box-title\">\n\t\t\t\t\t<a href=\"http:\/\/vyladto.cz\/externi-nutricni-terapeut\/\" >\n\t\t\t\t\t\tExtern\u00ed nutri\u010dn\u00ed terapeut \t\t\t\t\t<\/a>\n\t\t\t\t<\/h4>\n\t\t\t\t\t\t\t\t\t<p class=\"elementor-icon-box-description\">\n\t\t\t\t\t\tPro \u0161koln\u00ed j\u00eddelny, j\u00eddelny ve \u0161kolk\u00e1ch, domovy d\u016fchodc\u016f, ...\t\t\t\t\t<\/p>\n\t\t\t\t\t\t\t<\/div>\n\t\t<\/div>\n\t\t\t\t<\/div>\n\t\t\t\t<\/div>\n\t\t\t\t\t<\/div>\n\t\t<\/div>\n\t\t\t\t<div class=\"elementor-column elementor-col-33 elementor-top-column elementor-element elementor-element-44becfb\" data-id=\"44becfb\" data-element_type=\"column\">\n\t\t\t<div class=\"elementor-widget-wrap elementor-element-populated\">\n\t\t\t\t\t\t<div class=\"elementor-element elementor-element-a00051e elementor-view-framed elementor-shape-circle elementor-position-top elementor-mobile-position-top elementor-invisible elementor-widget elementor-widget-icon-box\" data-id=\"a00051e\" data-element_type=\"widget\" data-settings=\"{&quot;_animation&quot;:&quot;fadeInUp&quot;}\" data-widget_type=\"icon-box.default\">\n\t\t\t\t<div class=\"elementor-widget-container\">\n\t\t\t\t\t<div class=\"elementor-icon-box-wrapper\">\n\t\t\t\t\t\t<div class=\"elementor-icon-box-icon\">\n\t\t\t\t<a href=\"http:\/\/vyladto.cz\/prednasky\/\" class=\"elementor-icon elementor-animation-pulse-shrink\" tabindex=\"-1\">\n\t\t\t\t<i aria-hidden=\"true\" class=\"fas fa-person-booth\"><\/i>\t\t\t\t<\/a>\n\t\t\t<\/div>\n\t\t\t\t\t\t<div class=\"elementor-icon-box-content\">\n\t\t\t\t<h4 class=\"elementor-icon-box-title\">\n\t\t\t\t\t<a href=\"http:\/\/vyladto.cz\/prednasky\/\" >\n\t\t\t\t\t\tP\u0159edn\u00e1\u0161ky\t\t\t\t\t<\/a>\n\t\t\t\t<\/h4>\n\t\t\t\t\t\t\t\t\t<p class=\"elementor-icon-box-description\">\n\t\t\t\t\t\tChcete p\u0159edn\u00e1\u0161ku pro ve\u0159ejnost, firmy nebo pro d\u011bti?  \t\t\t\t\t<\/p>\n\t\t\t\t\t\t\t<\/div>\n\t\t<\/div>\n\t\t\t\t<\/div>\n\t\t\t\t<\/div>\n\t\t\t\t\t<\/div>\n\t\t<\/div>\n\t\t\t\t\t<\/div>\n\t\t<\/section>\n\t\t\t\t<section class=\"elementor-section elementor-top-section elementor-element elementor-element-2792d46 elementor-section-boxed elementor-section-height-default elementor-section-height-default\" data-id=\"2792d46\" data-element_type=\"section\">\n\t\t\t\t\t\t<div class=\"elementor-container elementor-column-gap-default\">\n\t\t\t\t\t<div class=\"elementor-column elementor-col-100 elementor-top-column elementor-element elementor-element-0308635\" data-id=\"0308635\" data-element_type=\"column\">\n\t\t\t<div class=\"elementor-widget-wrap\">\n\t\t\t\t\t\t\t<\/div>\n\t\t<\/div>\n\t\t\t\t\t<\/div>\n\t\t<\/section>\n\t\t\t\t<section class=\"elementor-section elementor-top-section elementor-element elementor-element-c43816d elementor-section-boxed elementor-section-height-default elementor-section-height-default\" data-id=\"c43816d\" data-element_type=\"section\" data-settings=\"{&quot;background_background&quot;:&quot;classic&quot;}\">\n\t\t\t\t\t\t<div class=\"elementor-container elementor-column-gap-default\">\n\t\t\t\t\t<div class=\"elementor-column elementor-col-100 elementor-top-column elementor-element elementor-element-903c989\" data-id=\"903c989\" data-element_type=\"column\">\n\t\t\t<div class=\"elementor-widget-wrap elementor-element-populated\">\n\t\t\t\t\t\t<div class=\"elementor-element elementor-element-48d6cfd elementor-widget elementor-widget-spacer\" data-id=\"48d6cfd\" data-element_type=\"widget\" data-widget_type=\"spacer.default\">\n\t\t\t\t<div class=\"elementor-widget-container\">\n\t\t\t\t\t<div class=\"elementor-spacer\">\n\t\t\t<div class=\"elementor-spacer-inner\"><\/div>\n\t\t<\/div>\n\t\t\t\t<\/div>\n\t\t\t\t<\/div>\n\t\t\t\t<div class=\"elementor-element elementor-element-5e5e431 elementor-widget elementor-widget-heading\" data-id=\"5e5e431\" data-element_type=\"widget\" data-widget_type=\"heading.default\">\n\t\t\t\t<div class=\"elementor-widget-container\">\n\t\t\t<h4 class=\"elementor-heading-title elementor-size-default\">\u00daVOD<\/h4>\t\t<\/div>\n\t\t\t\t<\/div>\n\t\t\t\t<div class=\"elementor-element elementor-element-beef2ec elementor-widget elementor-widget-text-editor\" data-id=\"beef2ec\" data-element_type=\"widget\" data-widget_type=\"text-editor.default\">\n\t\t\t\t<div class=\"elementor-widget-container\">\n\t\t\t\t\t\t\t<h5><strong>Zm\u011bna stravovac\u00edch n\u00e1vyk\u016f<\/strong><\/h5><h5>Nechcete hubnout, ani p\u0159ib\u00edrat na v\u00e1ze, jen chcete zm\u011bnit sv\u016fj j\u00eddeln\u00ed\u010dek a \u017eivotn\u00ed styl k\u00a0lep\u0161\u00edmu? S\u00a0n\u00e1mi to nen\u00ed probl\u00e9m, ud\u011bl\u00e1me to bez extr\u00e9m\u016f, postupn\u011b a nesmysln\u00fdch z\u00e1kaz\u016f. A hlavn\u011b tak, abyste si to zamilovali<\/h5><h5><strong>Poradenstv\u00ed u alternativn\u00edch sm\u011br\u016f<\/strong><\/h5><h5>Jste p\u0159\u00edznivci n\u011bjak\u00e9ho alternativn\u00edho sm\u011bru? Rozebereme spolu V\u00e1\u0161 j\u00eddeln\u00ed\u010dek a ujist\u00edme se, \u017ee V\u00e1m \u017e\u00e1dn\u00e1 l\u00e1tka nechyb\u00ed a pokud ano naprav\u00edme to.<\/h5><h5><strong>Redukce hmotnosti<\/strong><\/h5><h5>Tr\u00e1p\u00ed v\u00e1s va\u0161e hmotnost a\u0165 u\u017e z\u00a0osobn\u00edch nebo zdravotn\u00edch d\u016fvod\u016f? Jsme tu pro V\u00e1s. V\u00edme, jak t\u011b\u017ek\u00e9 je se odhodlat ke zm\u011bn\u011b a dobr\u00e1 zpr\u00e1va je, \u017ee pokud tohle \u010dtete prvn\u00ed krok m\u00e1te za sebou. Nebude to m\u00e1vnut\u00edm proutku, ale o to v\u00edc na sebe potom budete py\u0161n\u00ed a my s\u00a0V\u00e1mi.<\/h5><h5><strong>Navy\u0161ov\u00e1n\u00ed hmotnosti<\/strong><\/h5><h5>A\u0165 d\u011bl\u00e1te, co d\u011bl\u00e1te, nejde to, tak jak byste si p\u0159\u00e1li? Poj\u010fme se na to spole\u010dn\u011b pod\u00edvat. D\u016fle\u017eit\u00e9 je m\u00edt zdrav\u00ed pom\u011br svalov\u00e9 a tukov\u00e9 hmoty, budeme se sna\u017eit tomu co nejv\u00edce p\u0159ibl\u00ed\u017eit. Samoz\u0159ejm\u011b budeme pracovat i na kladn\u00e9m vztahu k\u00a0j\u00eddlu bez zbyte\u010dn\u00fdch obav z\u00a0n\u011bjak\u00fdch potravin<\/h5><h5><strong>Stravov\u00e1n\u00ed p\u0159i dietn\u00edch omezen\u00edch<\/strong><\/h5><h5>M\u00e1te n\u011bjak\u00e9 pot\u00ed\u017ee a l\u00e9ka\u0159 v\u00e1m doporu\u010dil dodr\u017eovat speci\u00e1ln\u00ed dietu? Nebo jste v r\u00e1mci onemocn\u011bn\u00ed samovoln\u011b zhubli? V takov\u00e9m p\u0159\u00edpad\u011b je d\u016fle\u017eit\u00e9 v\u010das p\u0159edch\u00e1zet dal\u0161\u00edm komplikac\u00edm.<\/h5><h5><strong>N\u00e1kup potravin a jejich v\u00fdb\u011br<\/strong><\/h5><h5>Spoustu v\u00fdrobc\u016f, spoustu n\u00e1zv\u016f na obalech a vy u\u017e se nevyzn\u00e1te v\u00a0tom co je d\u016fle\u017eit\u00e9 a co ne? My V\u00e1m r\u00e1di pom\u016f\u017eeme se v\u00a0tom vyznat. Sta\u010d\u00ed n\u00e1m napsat a pak u\u017e se jen domluv\u00edme, jak to provedeme<\/h5>\t\t\t\t\t\t<\/div>\n\t\t\t\t<\/div>\n\t\t\t\t<div class=\"elementor-element elementor-element-cb9f182 elementor-widget elementor-widget-spacer\" data-id=\"cb9f182\" data-element_type=\"widget\" data-widget_type=\"spacer.default\">\n\t\t\t\t<div class=\"elementor-widget-container\">\n\t\t\t\t\t<div class=\"elementor-spacer\">\n\t\t\t<div class=\"elementor-spacer-inner\"><\/div>\n\t\t<\/div>\n\t\t\t\t<\/div>\n\t\t\t\t<\/div>\n\t\t\t\t\t<\/div>\n\t\t<\/div>\n\t\t\t\t\t<\/div>\n\t\t<\/section>\n\t\t\t\t<section class=\"elementor-section elementor-top-section elementor-element elementor-element-55468b6 elementor-section-boxed elementor-section-height-default elementor-section-height-default\" data-id=\"55468b6\" data-element_type=\"section\">\n\t\t\t\t\t\t<div class=\"elementor-container elementor-column-gap-default\">\n\t\t\t\t\t<div class=\"elementor-column elementor-col-100 elementor-top-column elementor-element elementor-element-95435ad\" data-id=\"95435ad\" data-element_type=\"column\">\n\t\t\t<div class=\"elementor-widget-wrap elementor-element-populated\">\n\t\t\t\t\t\t<div class=\"elementor-element elementor-element-5f0b741 elementor-align-center elementor-widget elementor-widget-button\" data-id=\"5f0b741\" data-element_type=\"widget\" data-widget_type=\"button.default\">\n\t\t\t\t<div class=\"elementor-widget-container\">\n\t\t\t\t\t<div class=\"elementor-button-wrapper\">\n\t\t\t<a class=\"elementor-button elementor-button-link elementor-size-sm\" href=\"https:\/\/vyladto.cz\/vylad-to\/\">\n\t\t\t\t\t\t<span class=\"elementor-button-content-wrapper\">\n\t\t\t\t\t\t<span class=\"elementor-button-text\">Chci se objednat<\/span>\n\t\t<\/span>\n\t\t\t\t\t<\/a>\n\t\t<\/div>\n\t\t\t\t<\/div>\n\t\t\t\t<\/div>\n\t\t\t\t\t<\/div>\n\t\t<\/div>\n\t\t\t\t\t<\/div>\n\t\t<\/section>\n\t\t\t\t<\/div>\n\t\t","protected":false},"excerpt":{"rendered":"<p>Heading Text Here. NAB\u00cdDKA Konzultace Individu\u00e1ln\u00ed konzultace o va\u0161em stravov\u00e1n\u00ed s tvorbou j\u00eddeln\u00ed\u010dku bez extr\u00e9m\u016f Extern\u00ed nutri\u010dn\u00ed terapeut Pro \u0161koln\u00ed j\u00eddelny, j\u00eddelny ve \u0161kolk\u00e1ch, domovy d\u016fchodc\u016f, &#8230; P\u0159edn\u00e1\u0161ky Chcete p\u0159edn\u00e1\u0161ku pro ve\u0159ejnost, firmy nebo pro d\u011bti? \u00daVOD Zm\u011bna stravovac\u00edch n\u00e1vyk\u016f Nechcete hubnout, ani p\u0159ib\u00edrat na v\u00e1ze, jen chcete zm\u011bnit sv\u016fj j\u00eddeln\u00ed\u010dek a \u017eivotn\u00ed styl k\u00a0lep\u0161\u00edmu? &hellip;<\/p>\n<p class=\"read-more\"> <a class=\"\" href=\"https:\/\/nutricnipodpora.cz\/?page_id=12\"> <span class=\"screen-reader-text\">O n\u00e1s<\/span> Read More &raquo;<\/a><\/p>\n","protected":false},"author":2,"featured_media":0,"parent":0,"menu_order":0,"comment_status":"closed","ping_status":"closed","template":"","meta":{"site-sidebar-layout":"no-sidebar","site-content-layout":"page-builder","ast-site-content-layout":"","site-content-style":"default","site-sidebar-style":"default","ast-global-header-display":"","ast-banner-title-visibility":"","ast-main-header-display":"","ast-hfb-above-header-display":"","ast-hfb-below-header-display":"","ast-hfb-mobile-header-display":"","site-post-title":"disabled","ast-breadcrumbs-content":"","ast-featured-img":"disabled","footer-sml-layout":"","theme-transparent-header-meta":"default","adv-header-id-meta":"","stick-header-meta":"","header-above-stick-meta":"","header-main-stick-meta":"","header-below-stick-meta":"","astra-migrate-meta-layouts":"default","ast-page-background-enabled":"default","ast-page-background-meta":{"desktop":{"background-color":"","background-image":"","background-repeat":"repeat","background-position":"center center","background-size":"auto","background-attachment":"scroll","background-type":"","background-media":"","overlay-type":"","overlay-color":"","overlay-gradient":""},"tablet":{"background-color":"","background-image":"","background-repeat":"repeat","background-position":"center center","background-size":"auto","background-attachment":"scroll","background-type":"","background-media":"","overlay-type":"","overlay-color":"","overlay-gradient":""},"mobile":{"background-color":"","background-image":"","background-repeat":"repeat","background-position":"center center","background-size":"auto","background-attachment":"scroll","background-type":"","background-media":"","overlay-type":"","overlay-color":"","overlay-gradient":""}},"ast-content-background-meta":{"desktop":{"background-color":"var(--ast-global-color-5)","background-image":"","background-repeat":"repeat","background-position":"center center","background-size":"auto","background-attachment":"scroll","background-type":"","background-media":"","overlay-type":"","overlay-color":"","overlay-gradient":""},"tablet":{"background-color":"var(--ast-global-color-5)","background-image":"","background-repeat":"repeat","background-position":"center center","background-size":"auto","background-attachment":"scroll","background-type":"","background-media":"","overlay-type":"","overlay-color":"","overlay-gradient":""},"mobile":{"background-color":"var(--ast-global-color-5)","background-image":"","background-repeat":"repeat","background-position":"center center","background-size":"auto","background-attachment":"scroll","background-type":"","background-media":"","overlay-type":"","overlay-color":"","overlay-gradient":""}},"footnotes":""},"class_list":["post-12","page","type-page","status-publish","hentry"],"_links":{"self":[{"href":"https:\/\/nutricnipodpora.cz\/index.php?rest_route=\/wp\/v2\/pages\/12","targetHints":{"allow":["GET"]}}],"collection":[{"href":"https:\/\/nutricnipodpora.cz\/index.php?rest_route=\/wp\/v2\/pages"}],"about":[{"href":"https:\/\/nutricnipodpora.cz\/index.php?rest_route=\/wp\/v2\/types\/page"}],"author":[{"embeddable":true,"href":"https:\/\/nutricnipodpora.cz\/index.php?rest_route=\/wp\/v2\/users\/2"}],"replies":[{"embeddable":true,"href":"https:\/\/nutricnipodpora.cz\/index.php?rest_route=%2Fwp%2Fv2%2Fcomments&post=12"}],"version-history":[{"count":242,"href":"https:\/\/nutricnipodpora.cz\/index.php?rest_route=\/wp\/v2\/pages\/12\/revisions"}],"predecessor-version":[{"id":1494,"href":"https:\/\/nutricnipodpora.cz\/index.php?rest_route=\/wp\/v2\/pages\/12\/revisions\/1494"}],"wp:attachment":[{"href":"https:\/\/nutricnipodpora.cz\/index.php?rest_route=%2Fwp%2Fv2%2Fmedia&parent=12"}],"curies":[{"name":"wp","href":"https:\/\/api.w.org\/{rel}","templated":true}]}}