{"id":1813,"date":"2025-11-15T10:58:54","date_gmt":"2025-11-15T10:58:54","guid":{"rendered":"https:\/\/nutricnipodpora.cz\/?page_id=1813"},"modified":"2025-12-07T12:06:54","modified_gmt":"2025-12-07T12:06:54","slug":"nas-tym","status":"publish","type":"page","link":"https:\/\/nutricnipodpora.cz\/?page_id=1813","title":{"rendered":"N\u00e1\u0161 t\u00fdm"},"content":{"rendered":"\t\t<div data-elementor-type=\"wp-page\" data-elementor-id=\"1813\" class=\"elementor elementor-1813\">\n\t\t\t\t\t\t<section class=\"elementor-section elementor-top-section elementor-element elementor-element-8f89cac elementor-section-boxed elementor-section-height-default elementor-section-height-default elementor-invisible\" data-id=\"8f89cac\" data-element_type=\"section\" data-settings=\"{&quot;animation&quot;:&quot;fadeInLeft&quot;,&quot;background_background&quot;:&quot;gradient&quot;}\">\n\t\t\t\t\t\t<div class=\"elementor-container elementor-column-gap-default\">\n\t\t\t\t\t<div class=\"elementor-column elementor-col-100 elementor-top-column elementor-element elementor-element-98284be\" data-id=\"98284be\" data-element_type=\"column\">\n\t\t\t<div class=\"elementor-widget-wrap elementor-element-populated\">\n\t\t\t\t\t\t<div class=\"elementor-element elementor-element-6b17b2f elementor-widget elementor-widget-text-editor\" data-id=\"6b17b2f\" data-element_type=\"widget\" data-widget_type=\"text-editor.default\">\n\t\t\t\t<div class=\"elementor-widget-container\">\n\t\t\t\t\t\t\t<h2>\u00a0<\/h2><h2><span style=\"background-color: transparent;\">N\u00c1\u0160 T\u00ddM<\/span><span style=\"background-color: transparent; font-size: 1rem;\">\u00a0<\/span><\/h2>\t\t\t\t\t\t<\/div>\n\t\t\t\t<\/div>\n\t\t\t\t\t<\/div>\n\t\t<\/div>\n\t\t\t\t\t<\/div>\n\t\t<\/section>\n\t\t\t\t<section class=\"elementor-section elementor-top-section elementor-element elementor-element-754b1d8 elementor-section-boxed elementor-section-height-default elementor-section-height-default elementor-invisible\" data-id=\"754b1d8\" data-element_type=\"section\" data-settings=\"{&quot;animation&quot;:&quot;fadeInUp&quot;,&quot;background_background&quot;:&quot;gradient&quot;}\">\n\t\t\t\t\t\t<div class=\"elementor-container elementor-column-gap-default\">\n\t\t\t\t\t<div class=\"elementor-column elementor-col-33 elementor-top-column elementor-element elementor-element-c61ecdb\" data-id=\"c61ecdb\" data-element_type=\"column\" data-settings=\"{&quot;background_background&quot;:&quot;classic&quot;}\">\n\t\t\t<div class=\"elementor-widget-wrap elementor-element-populated\">\n\t\t\t\t\t\t<div class=\"elementor-element elementor-element-f4824b7 elementor-widget elementor-widget-image\" data-id=\"f4824b7\" data-element_type=\"widget\" data-widget_type=\"image.default\">\n\t\t\t\t<div class=\"elementor-widget-container\">\n\t\t\t\t\t\t\t\t\t\t\t\t\t<img loading=\"lazy\" decoding=\"async\" width=\"150\" height=\"150\" src=\"https:\/\/nutricnipodpora.cz\/wp-content\/uploads\/2025\/11\/AMBULANCE-JA--150x150.png\" class=\"attachment-thumbnail size-thumbnail wp-image-1818\" alt=\"\" \/>\t\t\t\t\t\t\t\t\t\t\t\t\t<\/div>\n\t\t\t\t<\/div>\n\t\t\t\t<div class=\"elementor-element elementor-element-c4f35d7 elementor-widget elementor-widget-heading\" data-id=\"c4f35d7\" data-element_type=\"widget\" data-widget_type=\"heading.default\">\n\t\t\t\t<div class=\"elementor-widget-container\">\n\t\t\t<h2 class=\"elementor-heading-title elementor-size-default\">Ivana Valentov\u00e1 BSc. DiS. <\/h2>\t\t<\/div>\n\t\t\t\t<\/div>\n\t\t\t\t<div class=\"elementor-element elementor-element-8b811fc elementor-widget elementor-widget-text-editor\" data-id=\"8b811fc\" data-element_type=\"widget\" data-widget_type=\"text-editor.default\">\n\t\t\t\t<div class=\"elementor-widget-container\">\n\t\t\t\t\t\t\t<h5 style=\"font-style: normal;\">Jsem nutri\u010dn\u00ed terapeutka a tuto ambulanci jsem zalo\u017eila proto, aby lid\u00e9 m\u011bli bezpe\u010dn\u00fd prostor, kde mohou z\u00edskat odbornou a empatickou podporu ve v\u00fd\u017eiv\u011b. Pozd\u011bji jsem k sob\u011b p\u0159izvala dal\u0161\u00ed nutri\u010dn\u00ed terapeutky, aby p\u00e9\u010de byla dostupn\u011bj\u0161\u00ed a ka\u017ed\u00fd klient m\u011bl dostatek \u010dasu a individu\u00e1ln\u00ed p\u0159\u00edstup. <br \/>Pom\u00e1h\u00e1m porozum\u011bt v\u00fd\u017eiv\u011b a to i s l\u00e9\u010debn\u00fdmi dietami v r\u00e1mci r\u016fzn\u00fdch onemocn\u011bn\u00ed.<\/h5><h5>Neust\u00e1le se vzd\u011bl\u00e1v\u00e1m v oblasti klinick\u00e9 v\u00fd\u017eivy a nov\u011b jsem zah\u00e1jila v\u00fdcvik v kognitivn\u011b-behavior\u00e1ln\u00ed terapii, d\u00edky kter\u00e9mu mohu l\u00e9pe propojovat nutri\u010dn\u00ed p\u00e9\u010di s budov\u00e1n\u00edm zdrav\u00fdch a dlouhodob\u011b udr\u017eiteln\u00fdch n\u00e1vyk\u016f.<\/h5><h5 style=\"font-style: normal;\">Mimo tuto ambulanci p\u016fsob\u00edm tak\u00e9 ve V\u0161eobecn\u00e9 fakultn\u00ed nemocnici v Praze. Vystudovala jsem<strong> nutri\u010dn\u00ed terapii<\/strong> na <strong>VO\u0160Z<\/strong> v Praze a d\u00e1le pokra\u010dovala ve studiu ve <strong>Velk\u00e9 Brit\u00e1nii na Food and nutrition.\u00a0<\/strong><\/h5>\t\t\t\t\t\t<\/div>\n\t\t\t\t<\/div>\n\t\t\t\t<div class=\"elementor-element elementor-element-20cb70e elementor-icon-list--layout-traditional elementor-list-item-link-full_width elementor-invisible elementor-widget elementor-widget-icon-list\" data-id=\"20cb70e\" data-element_type=\"widget\" data-settings=\"{&quot;_animation&quot;:&quot;fadeInUp&quot;}\" data-widget_type=\"icon-list.default\">\n\t\t\t\t<div class=\"elementor-widget-container\">\n\t\t\t\t\t<ul class=\"elementor-icon-list-items\">\n\t\t\t\t\t\t\t<li class=\"elementor-icon-list-item\">\n\t\t\t\t\t\t\t\t\t\t\t<a href=\"mailto:nutricnipodporapraha@gmail.com\">\n\n\t\t\t\t\t\t\t\t\t\t\t\t<span class=\"elementor-icon-list-icon\">\n\t\t\t\t\t\t\t<i aria-hidden=\"true\" class=\"fas fa-mail-bulk\"><\/i>\t\t\t\t\t\t<\/span>\n\t\t\t\t\t\t\t\t\t\t<span class=\"elementor-icon-list-text\"><b>nutricnipodporapraha@gmail.com<\/b><\/span>\n\t\t\t\t\t\t\t\t\t\t\t<\/a>\n\t\t\t\t\t\t\t\t\t<\/li>\n\t\t\t\t\t\t<\/ul>\n\t\t\t\t<\/div>\n\t\t\t\t<\/div>\n\t\t\t\t\t<\/div>\n\t\t<\/div>\n\t\t\t\t<div class=\"elementor-column elementor-col-33 elementor-top-column elementor-element elementor-element-75b1345\" data-id=\"75b1345\" data-element_type=\"column\" data-settings=\"{&quot;background_background&quot;:&quot;classic&quot;}\">\n\t\t\t<div class=\"elementor-widget-wrap elementor-element-populated\">\n\t\t\t\t\t\t<div class=\"elementor-element elementor-element-1d94114 elementor-widget__width-initial elementor-widget elementor-widget-image\" data-id=\"1d94114\" data-element_type=\"widget\" data-widget_type=\"image.default\">\n\t\t\t\t<div class=\"elementor-widget-container\">\n\t\t\t\t\t\t\t\t\t\t\t\t\t<img loading=\"lazy\" decoding=\"async\" width=\"150\" height=\"150\" src=\"https:\/\/nutricnipodpora.cz\/wp-content\/uploads\/2025\/12\/TerkaHorklova-e1765109046853-150x150.jpg\" class=\"attachment-thumbnail size-thumbnail wp-image-1880\" alt=\"\" \/>\t\t\t\t\t\t\t\t\t\t\t\t\t<\/div>\n\t\t\t\t<\/div>\n\t\t\t\t<div class=\"elementor-element elementor-element-cd5e114 elementor-widget elementor-widget-heading\" data-id=\"cd5e114\" data-element_type=\"widget\" data-widget_type=\"heading.default\">\n\t\t\t\t<div class=\"elementor-widget-container\">\n\t\t\t<h2 class=\"elementor-heading-title elementor-size-default\">Karol\u00edna Horklov\u00e1 Bc.<\/h2>\t\t<\/div>\n\t\t\t\t<\/div>\n\t\t\t\t<div class=\"elementor-element elementor-element-37825dc elementor-widget elementor-widget-text-editor\" data-id=\"37825dc\" data-element_type=\"widget\" data-widget_type=\"text-editor.default\">\n\t\t\t\t<div class=\"elementor-widget-container\">\n\t\t\t\t\t\t\t<h5>Vystudovala jsem nutri\u010dn\u00ed terapii na 3. l\u00e9ka\u0159sk\u00e9 fakult\u011b. V sou\u010dasn\u00e9 dob\u011b pokra\u010duji v navazuj\u00edc\u00edm magistersk\u00e9m studiu. A tak\u00e9 <strong>pracuji ve Fakultn\u00ed Thomayerov\u011b nemocnici.<\/strong> Pom\u016f\u017eu V\u00e1m naj\u00edt zdrav\u00fd a vyv\u00e1\u017een\u00fd vztah k j\u00eddlu, porozum\u011bt princip\u016fm v\u00fd\u017eivy a <strong>dos\u00e1hnout dlouhodob\u00e9 rovnov\u00e1hy bez zbyte\u010dn\u00fdch extr\u00e9m\u016f.<\/strong><\/h5><p>M\u00fdm c\u00edlem je pomoci v\u00fd\u017eivy zm\u00edrnit zdravotn\u00ed obt\u00ed\u017ee, p\u0159edch\u00e1zet jejich vzniku a podpo\u0159it t\u011blo k lep\u0161\u00ed kondici a v\u00fdkonu, a\u0165 u\u017e <strong>v b\u011b\u017en\u00e9m \u017eivot\u011b \u010di ve sportu.<\/strong> <br \/>Mimo jin\u00e9 se v\u011bnuji <strong>publikaci do odborn\u00e9ho \u010dasopisu<\/strong> na t\u00e9ma v\u00fd\u017eivov\u00fdch m\u00fdt\u016f.<br \/><strong>-vegetari\u00e1nstv\u00ed, veganstv\u00ed\u00a0<\/strong><br \/><strong>&#8211; zdrav\u00fd vztah k j\u00eddlu\u00a0<\/strong><br \/><strong>&#8211; Potravinov\u00e9 alergie a intolerance\u00a0<\/strong><br \/><strong>&#8211; Nadv\u00e1ha \/ obezita\u00a0<\/strong><br \/><strong>&#8211; Prevence civiliza\u010dn\u00edch onemocn\u011bn\u00ed\u00a0<\/strong><\/p>\t\t\t\t\t\t<\/div>\n\t\t\t\t<\/div>\n\t\t\t\t<div class=\"elementor-element elementor-element-6a26a76 elementor-icon-list--layout-traditional elementor-list-item-link-full_width elementor-invisible elementor-widget elementor-widget-icon-list\" data-id=\"6a26a76\" data-element_type=\"widget\" data-settings=\"{&quot;_animation&quot;:&quot;fadeInUp&quot;}\" data-widget_type=\"icon-list.default\">\n\t\t\t\t<div class=\"elementor-widget-container\">\n\t\t\t\t\t<ul class=\"elementor-icon-list-items\">\n\t\t\t\t\t\t\t<li class=\"elementor-icon-list-item\">\n\t\t\t\t\t\t\t\t\t\t\t<a href=\"mailto:khorklova.nutricni@gmail.com\">\n\n\t\t\t\t\t\t\t\t\t\t\t\t<span class=\"elementor-icon-list-icon\">\n\t\t\t\t\t\t\t<i aria-hidden=\"true\" class=\"fas fa-mail-bulk\"><\/i>\t\t\t\t\t\t<\/span>\n\t\t\t\t\t\t\t\t\t\t<span class=\"elementor-icon-list-text\"><b>khorklova.nutricni@gmail.com<\/b><\/span>\n\t\t\t\t\t\t\t\t\t\t\t<\/a>\n\t\t\t\t\t\t\t\t\t<\/li>\n\t\t\t\t\t\t<\/ul>\n\t\t\t\t<\/div>\n\t\t\t\t<\/div>\n\t\t\t\t\t<\/div>\n\t\t<\/div>\n\t\t\t\t<div class=\"elementor-column elementor-col-33 elementor-top-column elementor-element elementor-element-917cd8d\" data-id=\"917cd8d\" data-element_type=\"column\" data-settings=\"{&quot;background_background&quot;:&quot;classic&quot;}\">\n\t\t\t<div class=\"elementor-widget-wrap elementor-element-populated\">\n\t\t\t\t\t\t<div class=\"elementor-element elementor-element-3103c4d elementor-widget elementor-widget-image\" data-id=\"3103c4d\" data-element_type=\"widget\" data-widget_type=\"image.default\">\n\t\t\t\t<div class=\"elementor-widget-container\">\n\t\t\t\t\t\t\t\t\t\t\t\t\t<img loading=\"lazy\" decoding=\"async\" width=\"150\" height=\"150\" src=\"https:\/\/nutricnipodpora.cz\/wp-content\/uploads\/2025\/12\/TerkaChmelikova-e1765109009796-150x150.jpeg\" class=\"attachment-thumbnail size-thumbnail wp-image-1879\" alt=\"\" \/>\t\t\t\t\t\t\t\t\t\t\t\t\t<\/div>\n\t\t\t\t<\/div>\n\t\t\t\t<div class=\"elementor-element elementor-element-17f3f16 elementor-widget elementor-widget-heading\" data-id=\"17f3f16\" data-element_type=\"widget\" data-widget_type=\"heading.default\">\n\t\t\t\t<div class=\"elementor-widget-container\">\n\t\t\t<h2 class=\"elementor-heading-title elementor-size-default\">Tereza Chmel\u00edkov\u00e1 Bc.<\/h2>\t\t<\/div>\n\t\t\t\t<\/div>\n\t\t\t\t<div class=\"elementor-element elementor-element-c1a413c elementor-widget elementor-widget-text-editor\" data-id=\"c1a413c\" data-element_type=\"widget\" data-widget_type=\"text-editor.default\">\n\t\t\t\t<div class=\"elementor-widget-container\">\n\t\t\t\t\t\t\t<h5>Vystudovala jsem nutri\u010dn\u00ed terapii na 3. l\u00e9ka\u0159sk\u00e9 fakult\u011b. V sou\u010dasnosti pokra\u010duji magistersk\u00fdm oborem V\u00fd\u017eiva dosp\u011bl\u00fdch a d\u011bt\u00ed na 1. l\u00e9ka\u0159sk\u00e9. <br \/><span style=\"font-style: inherit; font-weight: inherit;\">R\u00e1da V\u00e1m pomohu naj\u00edt <strong>dlouhodob\u011b udr\u017eiteln\u00fd a individu\u00e1ln\u011b p\u0159izp\u016fsoben\u00fd zp\u016fsob stravov\u00e1n\u00ed.<\/strong> Zvl\u00e1\u0161tn\u00ed pozornost v\u011bnuji rostlinn\u00e9 strav\u011b, zejm\u00e9na jej\u00edmu uplatn\u011bn\u00ed v prevenci i l\u00e9\u010db\u011b civiliza\u010dn\u00edch chorob. <\/span><span style=\"font-style: inherit; font-weight: inherit;\">Rovn\u011b\u017e p\u016fsob\u00edm v okresn\u00ed nemocnici Litom\u011b\u0159ice a jsem \u010dlenkou \u010cesk\u00e9 asociace nutri\u010dn\u00edch terapeut\u016f.<\/span><\/h5><p><strong>-vegetari\u00e1nstv\u00ed, veganstv\u00ed\u00a0<\/strong><br \/><strong>&#8211; zdrav\u00fd vztah k j\u00eddlu\u00a0<\/strong><br \/><strong>&#8211; Potravinov\u00e9 alergie a intolerance\u00a0<\/strong><br \/><strong>&#8211; Nadv\u00e1ha \/ obezita\u00a0<\/strong><br \/><strong>&#8211; Metabolick\u00e9 poruchy (enzymopatie, diabetes, dyslipid\u00e9mie, &#8230;)\u00a0\u00a0<\/strong><\/p>\t\t\t\t\t\t<\/div>\n\t\t\t\t<\/div>\n\t\t\t\t<div class=\"elementor-element elementor-element-accc8fa elementor-icon-list--layout-traditional elementor-list-item-link-full_width elementor-invisible elementor-widget elementor-widget-icon-list\" data-id=\"accc8fa\" data-element_type=\"widget\" data-settings=\"{&quot;_animation&quot;:&quot;fadeInUp&quot;}\" data-widget_type=\"icon-list.default\">\n\t\t\t\t<div class=\"elementor-widget-container\">\n\t\t\t\t\t<ul class=\"elementor-icon-list-items\">\n\t\t\t\t\t\t\t<li class=\"elementor-icon-list-item\">\n\t\t\t\t\t\t\t\t\t\t\t<a href=\"mailto:chmelikovatj@seznam.cz\">\n\n\t\t\t\t\t\t\t\t\t\t\t\t<span class=\"elementor-icon-list-icon\">\n\t\t\t\t\t\t\t<i aria-hidden=\"true\" class=\"fas fa-mail-bulk\"><\/i>\t\t\t\t\t\t<\/span>\n\t\t\t\t\t\t\t\t\t\t<span class=\"elementor-icon-list-text\"><b>chmelikovatj@seznam.cz<\/b><\/span>\n\t\t\t\t\t\t\t\t\t\t\t<\/a>\n\t\t\t\t\t\t\t\t\t<\/li>\n\t\t\t\t\t\t<\/ul>\n\t\t\t\t<\/div>\n\t\t\t\t<\/div>\n\t\t\t\t\t<\/div>\n\t\t<\/div>\n\t\t\t\t\t<\/div>\n\t\t<\/section>\n\t\t\t\t<section class=\"elementor-section elementor-top-section elementor-element elementor-element-c3f482b elementor-section-boxed elementor-section-height-default elementor-section-height-default elementor-invisible\" data-id=\"c3f482b\" data-element_type=\"section\" data-settings=\"{&quot;animation&quot;:&quot;fadeInLeft&quot;,&quot;background_background&quot;:&quot;gradient&quot;}\">\n\t\t\t\t\t\t<div class=\"elementor-container elementor-column-gap-default\">\n\t\t\t\t\t<div class=\"elementor-column elementor-col-100 elementor-top-column elementor-element elementor-element-aa40dae\" data-id=\"aa40dae\" data-element_type=\"column\">\n\t\t\t<div class=\"elementor-widget-wrap elementor-element-populated\">\n\t\t\t\t\t\t<div class=\"elementor-element elementor-element-ed2eb70 elementor-widget elementor-widget-text-editor\" data-id=\"ed2eb70\" data-element_type=\"widget\" data-widget_type=\"text-editor.default\">\n\t\t\t\t<div class=\"elementor-widget-container\">\n\t\t\t\t\t\t\t<h2>\u00a0<\/h2>\t\t\t\t\t\t<\/div>\n\t\t\t\t<\/div>\n\t\t\t\t<div class=\"elementor-element elementor-element-844312d elementor-align-center elementor-invisible elementor-widget elementor-widget-button\" data-id=\"844312d\" data-element_type=\"widget\" data-settings=\"{&quot;_animation&quot;:&quot;fadeInDown&quot;}\" data-widget_type=\"button.default\">\n\t\t\t\t<div class=\"elementor-widget-container\">\n\t\t\t\t\t<div class=\"elementor-button-wrapper\">\n\t\t\t<a class=\"elementor-button elementor-button-link elementor-size-sm\" href=\"https:\/\/nutricnipodpora.cz\/?page_id=1629\">\n\t\t\t\t\t\t<span class=\"elementor-button-content-wrapper\">\n\t\t\t\t\t\t<span class=\"elementor-button-text\">V\u00edce o konzultaci<\/span>\n\t\t<\/span>\n\t\t\t\t\t<\/a>\n\t\t<\/div>\n\t\t\t\t<\/div>\n\t\t\t\t<\/div>\n\t\t\t\t\t<\/div>\n\t\t<\/div>\n\t\t\t\t\t<\/div>\n\t\t<\/section>\n\t\t\t\t<section class=\"elementor-section elementor-top-section elementor-element elementor-element-6e15d0d elementor-section-boxed elementor-section-height-default elementor-section-height-default elementor-invisible\" data-id=\"6e15d0d\" data-element_type=\"section\" data-settings=\"{&quot;animation&quot;:&quot;fadeInLeft&quot;,&quot;background_background&quot;:&quot;gradient&quot;}\">\n\t\t\t\t\t\t<div class=\"elementor-container elementor-column-gap-default\">\n\t\t\t\t\t<div class=\"elementor-column elementor-col-100 elementor-top-column elementor-element elementor-element-5e4cd56\" data-id=\"5e4cd56\" data-element_type=\"column\">\n\t\t\t<div class=\"elementor-widget-wrap elementor-element-populated\">\n\t\t\t\t\t\t<div class=\"elementor-element elementor-element-9928895 elementor-widget elementor-widget-text-editor\" data-id=\"9928895\" data-element_type=\"widget\" data-widget_type=\"text-editor.default\">\n\t\t\t\t<div class=\"elementor-widget-container\">\n\t\t\t\t\t\t\t<h2>\u00a0<\/h2>\t\t\t\t\t\t<\/div>\n\t\t\t\t<\/div>\n\t\t\t\t\t<\/div>\n\t\t<\/div>\n\t\t\t\t\t<\/div>\n\t\t<\/section>\n\t\t\t\t<section class=\"elementor-section elementor-top-section elementor-element elementor-element-ea861f4 elementor-section-boxed elementor-section-height-default elementor-section-height-default\" data-id=\"ea861f4\" data-element_type=\"section\">\n\t\t\t\t\t\t<div class=\"elementor-container elementor-column-gap-default\">\n\t\t\t\t\t<div class=\"elementor-column elementor-col-100 elementor-top-column elementor-element elementor-element-8aa96ba\" data-id=\"8aa96ba\" data-element_type=\"column\">\n\t\t\t<div class=\"elementor-widget-wrap\">\n\t\t\t\t\t\t\t<\/div>\n\t\t<\/div>\n\t\t\t\t\t<\/div>\n\t\t<\/section>\n\t\t\t\t<\/div>\n\t\t","protected":false},"excerpt":{"rendered":"<p>\u00a0 N\u00c1\u0160 T\u00ddM\u00a0 Ivana Valentov\u00e1 BSc. DiS. Jsem nutri\u010dn\u00ed terapeutka a tuto ambulanci jsem zalo\u017eila proto, aby lid\u00e9 m\u011bli bezpe\u010dn\u00fd prostor, kde mohou z\u00edskat odbornou a empatickou podporu ve v\u00fd\u017eiv\u011b. Pozd\u011bji jsem k sob\u011b p\u0159izvala dal\u0161\u00ed nutri\u010dn\u00ed terapeutky, aby p\u00e9\u010de byla dostupn\u011bj\u0161\u00ed a ka\u017ed\u00fd klient m\u011bl dostatek \u010dasu a individu\u00e1ln\u00ed p\u0159\u00edstup. Pom\u00e1h\u00e1m porozum\u011bt v\u00fd\u017eiv\u011b a &hellip;<\/p>\n<p class=\"read-more\"> <a class=\"\" href=\"https:\/\/nutricnipodpora.cz\/?page_id=1813\"> <span class=\"screen-reader-text\">N\u00e1\u0161 t\u00fdm<\/span> Read More &raquo;<\/a><\/p>\n","protected":false},"author":2,"featured_media":0,"parent":0,"menu_order":0,"comment_status":"closed","ping_status":"closed","template":"","meta":{"site-sidebar-layout":"no-sidebar","site-content-layout":"page-builder","ast-site-content-layout":"full-width-container","site-content-style":"default","site-sidebar-style":"default","ast-global-header-display":"","ast-banner-title-visibility":"","ast-main-header-display":"","ast-hfb-above-header-display":"","ast-hfb-below-header-display":"","ast-hfb-mobile-header-display":"","site-post-title":"disabled","ast-breadcrumbs-content":"","ast-featured-img":"disabled","footer-sml-layout":"","theme-transparent-header-meta":"","adv-header-id-meta":"","stick-header-meta":"","header-above-stick-meta":"","header-main-stick-meta":"","header-below-stick-meta":"","astra-migrate-meta-layouts":"set","ast-page-background-enabled":"default","ast-page-background-meta":{"desktop":{"background-color":"","background-image":"","background-repeat":"repeat","background-position":"center center","background-size":"auto","background-attachment":"scroll","background-type":"","background-media":"","overlay-type":"","overlay-color":"","overlay-gradient":""},"tablet":{"background-color":"","background-image":"","background-repeat":"repeat","background-position":"center center","background-size":"auto","background-attachment":"scroll","background-type":"","background-media":"","overlay-type":"","overlay-color":"","overlay-gradient":""},"mobile":{"background-color":"","background-image":"","background-repeat":"repeat","background-position":"center center","background-size":"auto","background-attachment":"scroll","background-type":"","background-media":"","overlay-type":"","overlay-color":"","overlay-gradient":""}},"ast-content-background-meta":{"desktop":{"background-color":"var(--ast-global-color-5)","background-image":"","background-repeat":"repeat","background-position":"center center","background-size":"auto","background-attachment":"scroll","background-type":"","background-media":"","overlay-type":"","overlay-color":"","overlay-gradient":""},"tablet":{"background-color":"var(--ast-global-color-5)","background-image":"","background-repeat":"repeat","background-position":"center center","background-size":"auto","background-attachment":"scroll","background-type":"","background-media":"","overlay-type":"","overlay-color":"","overlay-gradient":""},"mobile":{"background-color":"var(--ast-global-color-5)","background-image":"","background-repeat":"repeat","background-position":"center center","background-size":"auto","background-attachment":"scroll","background-type":"","background-media":"","overlay-type":"","overlay-color":"","overlay-gradient":""}},"footnotes":""},"class_list":["post-1813","page","type-page","status-publish","hentry"],"_links":{"self":[{"href":"https:\/\/nutricnipodpora.cz\/index.php?rest_route=\/wp\/v2\/pages\/1813","targetHints":{"allow":["GET"]}}],"collection":[{"href":"https:\/\/nutricnipodpora.cz\/index.php?rest_route=\/wp\/v2\/pages"}],"about":[{"href":"https:\/\/nutricnipodpora.cz\/index.php?rest_route=\/wp\/v2\/types\/page"}],"author":[{"embeddable":true,"href":"https:\/\/nutricnipodpora.cz\/index.php?rest_route=\/wp\/v2\/users\/2"}],"replies":[{"embeddable":true,"href":"https:\/\/nutricnipodpora.cz\/index.php?rest_route=%2Fwp%2Fv2%2Fcomments&post=1813"}],"version-history":[{"count":25,"href":"https:\/\/nutricnipodpora.cz\/index.php?rest_route=\/wp\/v2\/pages\/1813\/revisions"}],"predecessor-version":[{"id":1883,"href":"https:\/\/nutricnipodpora.cz\/index.php?rest_route=\/wp\/v2\/pages\/1813\/revisions\/1883"}],"wp:attachment":[{"href":"https:\/\/nutricnipodpora.cz\/index.php?rest_route=%2Fwp%2Fv2%2Fmedia&parent=1813"}],"curies":[{"name":"wp","href":"https:\/\/api.w.org\/{rel}","templated":true}]}}